{"id":471,"date":"2020-12-04T17:16:15","date_gmt":"2020-12-04T16:16:15","guid":{"rendered":"https:\/\/www2.rwzh.de\/impressum\/"},"modified":"2024-11-18T18:02:49","modified_gmt":"2024-11-18T17:02:49","slug":"imprint","status":"publish","type":"page","link":"https:\/\/www.rwzh.de\/ja\/imprint\/","title":{"rendered":"\u514d\u8cac"},"content":{"rendered":"\n<p>\u30c7\u30b8\u30bf\u30eb\u30b5\u30fc\u30d3\u30b9\u6cd5\u7b2c5\u6761\u304a\u3088\u3073\u30b5\u30fc\u30d3\u30b9\u60c5\u5831\u7fa9\u52d9\u6761\u4f8b\u7b2c2\u6761\u306b\u57fa\u3065\u304f\u60c5\u5831\uff1a<\/p>\n\n\n\n<h2 class=\"wp-block-heading\">rwzh Rechtsanw\u00e4lte<br>Wachinger Zoebisch<br>Partnerschaft mbB<\/h2>\n\n\n\n<p>Altezza<br>Barthstrasse 4<br>80339 Munich<br>Germany<\/p>\n\n\n\n<p>\u96fb\u8a71 +49 89 2440122-0<br>\u30d5\u30a1\u30c3\u30af\u30b9 +49 89 2440122-1<br><a href=\"mailto:muenchen@rwzh.com\">muenchen@rwzh.com<\/a><\/p>\n\n\n\n<p>\u767b\u8a18\u7c3f\u4e0a\u306e\u6240\u5728\u5730\uff1a\u30df\u30e5\u30f3\u30d8\u30f3<br>\u30df\u30e5\u30f3\u30d8\u30f3\u5730\u65b9\u88c1\u5224\u6240 PR 678<br>\u4ed8\u52a0\u4fa1\u5024\u7a0e\u7d0d\u7a0e\u8005ID\u756a\u53f7\uff1aDE 251472985<\/p>\n\n\n\n<p>\u30d1\u30fc\u30c8\u30ca\u30fc:<br>\u30e6\u30ea\u30a2\u30f3F\u3000\u30d0\u30c3\u30d2\u30f3\u30ac\u30fc\u3001\u5f01\u8b77\u58eb<br>\u30df\u30d2\u30e3\u30a8\u30eb\u3000\u30c4\u30a7\u30fc\u30d3\u30c3\u30b7\u30e5\u3001\u5f01\u8b77\u58eb<br>Dr. \u30a8\u30c3\u30ab\u30fc\u30c8\u30f4\u30a1\u30eb\u30f3\u30b1 \u6cd5\u5b66\u3001\u5f01\u8b77\u58eb<\/p>\n\n\n\n<p>\u5168\u4e16\u754c\u3067\u6709\u52b9\u306a\u5c02\u9580\u8077\u696d\u4eba\u8ce0\u511f\u8cac\u4efb\u4fdd\u967a\u3092HDI-Gerling Firmen und Privat Versicherung AG (\u30cb\u30e5\u30eb\u30f3\u30d9\u30eb\u30af\u4e8b\u52d9\u6240), D\u00fcrrenhofstra\u00dfe 6, 90402 N\u00fcrnberg, Germany\u3068\u5951\u7d04\u3057\u3066\u304a\u308a\u307e\u3059\u3002<\/p>\n\n\n\n<div class=\"wp-block-group akk\"><div class=\"wp-block-group__inner-container is-layout-flow wp-block-group-is-layout-flow\">\n<h2 class=\"wp-block-heading\">\u5f01\u8b77\u58eb<\/h2>\n\n\n\n<p>\u30a4\u30f3\u30bf\u30fc\u30cd\u30c3\u30c8\u4e0a\u3067\u5f01\u8b77\u58eb\u3068\u79f0\u3055\u308c\u3066\u3044\u308b\u8005\u306f\u3001\u30df\u30e5\u30f3\u30d8\u30f3\u5f01\u8b77\u58eb\u4f1a\u306b\u6240\u5c5e\u3057\u3066\u3044\u307e\u3059\u3002\u5f01\u8b77\u58eb\u4f1a\u306e\u9023\u7d61\u5148\u306f&nbsp;<a href=\"http:\/\/www.rak-muenchen.de\/\">www.rak-muenchen.de<\/a>e.\u3067\u3054\u78ba\u8a8d\u3044\u305f\u3060\u3051\u307e\u3059\u3002\u7279\u306b\u8a18\u8ff0\u304c\u306a\u3044\u9650\u308a\u3001\u5f01\u8b77\u58eb\u306f\u30c9\u30a4\u30c4\u9023\u90a6\u5171\u548c\u56fd\u306b\u304a\u3044\u3066\u306e\u307f\u8a8d\u5b9a\u3092\u53d7\u3051\u3066\u304a\u308a\u307e\u3059\u3002<\/p>\n\n\n\n<p>\u3068\u308a\u308f\u3051\u91cd\u8981\u306a\u5f01\u8b77\u58eb\u8077\u696d\u6cd5\u898f\u5b9a\uff1a<\/p>\n\n\n\n<ul class=\"wp-block-list\">\n<li>\u9023\u90a6\u5f01\u8b77\u58eb\u6cd5 (BRAO)<\/li>\n\n\n\n<li>\u5f01\u8b77\u58eb\u8077\u696d\u6cd5 (BORA)<\/li>\n\n\n\n<li>\u5c02\u9580\u5f01\u8b77\u58eb\u6cd5 (FAO)<\/li>\n\n\n\n<li>\u5f01\u8b77\u58eb\u5831\u916c\u6cd5 (RVG)<\/li>\n\n\n\n<li>\u6b27\u5dde\u9023\u5408\u5f01\u8b77\u58eb\u8077\u696d\u898f\u5b9a<\/li>\n<\/ul>\n\n\n\n<p>\u6cd5\u5f8b\u306e\u539f\u6587\u306f\u3001<a href=\"http:\/\/www.brak.de\/\">www.brak.de<\/a>&nbsp;\u306e\u300cBerufsrecht\u300d\u306e\u6b04\u3067\u3054\u89a7\u3044\u305f\u3060\u3051\u307e\u3059\u3002<\/p>\n<\/div><\/div>\n\n\n\n<div class=\"wp-block-group akk\"><div class=\"wp-block-group__inner-container is-layout-flow wp-block-group-is-layout-flow\">\n<h2 class=\"wp-block-heading\">\u8457\u4f5c\u6a29<\/h2>\n\n\n\n<p>\u5f53\u30a6\u30a7\u30d6\u30b5\u30a4\u30c8\u306e\u5185\u5bb9\u3084\u305d\u306e\u4e00\u90e8\u306e\u8457\u4f5c\u6a29\u306f\u3001rwzh\u6cd5\u5f8b\u4e8b\u52d9\u6240\u3082\u3057\u304f\u306f\u5f53\u4e8b\u52d9\u6240\u306b\u4f7f\u7528\u6a29\u3092\u8a8d\u3081\u305f\u8005\u306b\u5e30\u5c5e\u3057\u3066\u304a\u308a\u307e\u3059\u3002\u5f53\u30a6\u30a7\u30d6\u30b5\u30a4\u30c8\u306e\u500b\u3005\u306e\u30da\u30fc\u30b8\u306f\u3001\u6cd5\u5f8b\u4e8b\u52d9\u6240\u5185\u3067\u3054\u5229\u7528\u306b\u306a\u308b\u5834\u5408\u306b\u306e\u307f\u3001\u30c0\u30a6\u30f3\u30ed\u30fc\u30c9\u30fb\u4e00\u6642\u7684\u306a\u30c7\u30fc\u30bf\u4fdd\u5b58\u30fb\u5370\u5237\u7b49\u3092\u3057\u3066\u3044\u305f\u3060\u3051\u307e\u3059\u3002rwzh\u6cd5\u5f8b\u4e8b\u52d9\u6240\u306e\u66f8\u9762\u306b\u3088\u308b\u8a31\u53ef\u3092\u5f97\u308b\u3053\u3068\u306a\u304f\u3001\u3053\u308c\u4ee5\u5916\u306e\u76ee\u7684\u3067\u5f53\u30a6\u30a7\u30d6\u30b5\u30a4\u30c8\u3092\u30c0\u30a6\u30f3\u30ed\u30fc\u30c9\u30fb\u30c7\u30fc\u30bf\u4fdd\u5b58\u30fb\u5370\u5237\u3057\u3001\u8907\u88fd\u30fb\u8ee2\u7528\u30fb\u914d\u4fe1\u3059\u308b\u3053\u3068\u306f\u56fa\u304f\u7981\u6b62\u3044\u305f\u3057\u3066\u304a\u308a\u307e\u3059\u3002<\/p>\n<\/div><\/div>\n\n\n\n<div class=\"wp-block-group akk\"><div class=\"wp-block-group__inner-container is-layout-flow wp-block-group-is-layout-flow\">\n<h2 class=\"wp-block-heading\">\u60c5\u5831\u3068\u8cac\u4efb\u4e8b\u9805<\/h2>\n\n\n\n<p>\u5f53\u30a6\u30a7\u30d6\u30b5\u30a4\u30c8\u306e\u60c5\u5831\u3084\u30ea\u30f3\u30af\u3092\u4fdd\u8a3c\u3059\u308b\u305f\u3081\u3001\u6700\u5584\u306e\u52aa\u529b\u3092\u3057\u3066\u307e\u3044\u308a\u307e\u3057\u305f\u3002\u3057\u304b\u3057\u3001\u60c5\u5831\u3084\u30ea\u30f3\u30af\u306e\u3054\u5229\u7528\u3001\u307e\u305f\u305d\u306e\u5185\u5bb9\u306e\u6b63\u78ba\u6027\u306b\u95a2\u3057\u3066\u4e00\u5207\u306e\u8cac\u4efb\u3092\u8ca0\u3046\u3082\u306e\u3067\u306f\u3042\u308a\u307e\u305b\u3093\u3002\u5f53\u30a6\u30a7\u30d6\u30b5\u30a4\u30c8\u306b\u8a18\u8f09\u3055\u308c\u3066\u3044\u308b\u60c5\u5831\u306f\u4e00\u822c\u7684\u306a\u60c5\u5831\u63d0\u4f9b\u3092\u76ee\u7684\u3068\u3059\u308b\u3082\u306e\u3067\u3042\u308a\u3001\u6cd5\u5f8b\u4e0a\u306e\u30a2\u30c9\u30d0\u30a4\u30b9\u3092\u3054\u63d0\u4f9b\u3059\u308b\u3082\u306e\u3067\u306f\u3042\u308a\u307e\u305b\u3093\u3002<\/p>\n<\/div><\/div>\n\n\n\n<p>\u30b3\u30f3\u30bb\u30d7\u30c8\u306a\u3089\u3073\u306b\u30c7\u30b6\u30a4\u30f3<\/p>\n","protected":false},"excerpt":{"rendered":"<p>\u30c7\u30b8\u30bf\u30eb\u30b5\u30fc\u30d3\u30b9\u6cd5\u7b2c5\u6761\u304a\u3088\u3073\u30b5\u30fc\u30d3\u30b9\u60c5\u5831\u7fa9\u52d9\u6761\u4f8b\u7b2c2\u6761\u306b\u57fa\u3065\u304f\u60c5\u5831\uff1a rwzh Rechtsanw\u00e4lteWachinger ZoebischPartnerschaft mbB AltezzaBarthstrasse  [&hellip;]<\/p>\n","protected":false},"author":2,"featured_media":0,"parent":0,"menu_order":26,"comment_status":"closed","ping_status":"closed","template":"page-cover.php","meta":{"footnotes":""},"class_list":["post-471","page","type-page","status-publish","hentry"],"_links":{"self":[{"href":"https:\/\/www.rwzh.de\/ja\/wp-json\/wp\/v2\/pages\/471","targetHints":{"allow":["GET"]}}],"collection":[{"href":"https:\/\/www.rwzh.de\/ja\/wp-json\/wp\/v2\/pages"}],"about":[{"href":"https:\/\/www.rwzh.de\/ja\/wp-json\/wp\/v2\/types\/page"}],"author":[{"embeddable":true,"href":"https:\/\/www.rwzh.de\/ja\/wp-json\/wp\/v2\/users\/2"}],"replies":[{"embeddable":true,"href":"https:\/\/www.rwzh.de\/ja\/wp-json\/wp\/v2\/comments?post=471"}],"version-history":[{"count":2,"href":"https:\/\/www.rwzh.de\/ja\/wp-json\/wp\/v2\/pages\/471\/revisions"}],"predecessor-version":[{"id":1035,"href":"https:\/\/www.rwzh.de\/ja\/wp-json\/wp\/v2\/pages\/471\/revisions\/1035"}],"wp:attachment":[{"href":"https:\/\/www.rwzh.de\/ja\/wp-json\/wp\/v2\/media?parent=471"}],"curies":[{"name":"wp","href":"https:\/\/api.w.org\/{rel}","templated":true}]}}