{"id":467,"date":"2020-12-04T17:05:30","date_gmt":"2020-12-04T16:05:30","guid":{"rendered":"https:\/\/www2.rwzh.de\/datenschutzerklaerung\/"},"modified":"2021-04-01T11:34:44","modified_gmt":"2021-04-01T09:34:44","slug":"datenschutzerklaerung","status":"publish","type":"page","link":"https:\/\/www.rwzh.de\/ja\/datenschutzerklaerung\/","title":{"rendered":"Datenschutzerkl\u00e4rung"},"content":{"rendered":"\n<h2 class=\"wp-block-heading\">1. Name und Anschrift des Verantwortlichen<\/h2>\n\n\n\n<p>Der Verantwortliche im Sinne der Datenschutz-Grundverordnung und anderer nationaler Datenschutzgesetze der Mitgliedsstaaten sowie sonstiger datenschutzrechtlicher Bestimmungen ist die:<\/p>\n\n\n\n<p>rwzh Rechtsanw\u00e4lte Wachinger Zoebisch Partnerschaft mbB<br>Barthstra\u00dfe 4, 80339 M\u00fcnchen, Bundesrepublik Deutschland<br>Tel.: 089 &#8211; 244012286<br>Fax: 089 &#8211; 24401221<br>E-Mail:&nbsp;<a href=\"mailto:muenchen@rwzh.com\">muenchen@rwzh.com<\/a><br>Website: www.rwzh.com<\/p>\n\n\n\n<h2 class=\"wp-block-heading\">2. Allgemeines zur Datenverarbeitung<\/h2>\n\n\n\n<h3 class=\"wp-block-heading\">a. Umfang der Verarbeitung personenbezogener Daten<\/h3>\n\n\n\n<p>Wir verarbeiten personenbezogene Daten unserer Nutzer grunds\u00e4tzlich nur, soweit dies zur Bereitstellung einer funktionsf\u00e4higen Website sowie unserer Inhalte und Leistungen erforderlich ist. Die Verarbeitung personenbezogener Daten unserer Nutzer erfolgt regelm\u00e4\u00dfig nur nach Einwilligung des Nutzers. Eine Ausnahme gilt in solchen F\u00e4llen, in denen eine vorherige Einholung einer Einwilligung aus tats\u00e4chlichen Gr\u00fcnden nicht m\u00f6glich ist und die Verarbeitung der Daten durch gesetzliche Vorschriften gestattet ist.<\/p>\n\n\n\n<h3 class=\"wp-block-heading\">b. Rechtsgrundlage f\u00fcr die Verarbeitung personenbezogener Daten<\/h3>\n\n\n\n<p>Soweit wir f\u00fcr Verarbeitungsvorg\u00e4nge personenbezogener Daten eine Einwilligung der betroffenen Person einholen, dient Art. 6 Abs. 1 lit. a EU-Datenschutzgrundverordnung (DSGVO) als Rechtsgrundlage.<\/p>\n\n\n\n<p>Bei der Verarbeitung von personenbezogenen Daten, die zur Erf\u00fcllung eines Vertrages, dessen Vertragspartei die betroffene Person ist, erforderlich ist, dient Art. 6 Abs. 1 lit. b DSGVO als Rechtsgrundlage. Dies gilt auch f\u00fcr Verarbeitungsvorg\u00e4nge, die zur Durchf\u00fchrung vorvertraglicher Ma\u00dfnahmen erforderlich sind.<\/p>\n\n\n\n<p>Soweit eine Verarbeitung personenbezogener Daten zur Erf\u00fcllung einer rechtlichen Verpflichtung erforderlich ist, der unser Unternehmen unterliegt, dient Art. 6 Abs. 1 lit. c DSGVO als Rechtsgrundlage.<\/p>\n\n\n\n<p>F\u00fcr den Fall, dass lebenswichtige Interessen der betroffenen Person oder einer anderen nat\u00fcrlichen Person eine Verarbeitung personenbezogener Daten erforderlich machen, dient Art. 6 Abs. 1 lit. d DSGVO als Rechtsgrundlage.<\/p>\n\n\n\n<p>Ist die Verarbeitung zur Wahrung eines berechtigten Interesses unseres Unternehmens oder eines Dritten erforderlich und \u00fcberwiegen die Interessen, Grundrechte und Grundfreiheiten des Betroffenen das erstgenannte Interesse nicht, so dient Art. 6 Abs. 1 lit. f DSGVO als Rechtsgrundlage f\u00fcr die Verarbeitung.<\/p>\n\n\n\n<h3 class=\"wp-block-heading\">c. Datenl\u00f6schung und Speicherdauer<\/h3>\n\n\n\n<p>Die personenbezogenen Daten der betroffenen Person werden gel\u00f6scht oder gesperrt, sobald der Zweck der Speicherung entf\u00e4llt. Eine Speicherung kann dar\u00fcber hinaus erfolgen, wenn dies durch den europ\u00e4ischen oder nationalen Gesetzgeber in unionsrechtlichen Verordnungen, Gesetzen oder sonstigen Vorschriften, denen der Verantwortliche unterliegt, vorgesehen wurde. Eine Sperrung oder L\u00f6schung der Daten erfolgt auch dann, wenn eine durch die genannten Normen vorgeschriebene Speicherfrist abl\u00e4uft, es sei denn, dass eine Erforderlichkeit zur weiteren Speicherung der Daten f\u00fcr einen Vertragsabschluss oder eine Vertragserf\u00fcllung besteht.<\/p>\n\n\n\n<h2 class=\"wp-block-heading\">3. Bereitstellung unserer Internetseite<\/h2>\n\n\n\n<h3 class=\"wp-block-heading\">a. Beschreibung und Umfang der Datenverarbeitung<\/h3>\n\n\n\n<p>Bei jedem Aufruf unserer Internetseite erfasst unser System automatisiert Daten und Informationen vom Computersystem des aufrufenden Rechners.<\/p>\n\n\n\n<p>Folgende Daten werden hierbei erhoben:<\/p>\n\n\n\n<p>&#8211; Informationen \u00fcber den Browsertyp und die verwendete Version<br>&#8211; Betriebssystem des Nutzers<br>&#8211; Internet-Service-Provider des Nutzers<br>&#8211; IP-Adresse des Nutzers<br>&#8211; Datum und Uhrzeit des Zugriffs auf unserer Internetseite<br>&#8211; Internetseiten von denen das System des Nutzers auf unsere Internetseite gelangt<br>&#8211; Internetseite, die vom System des Nutzers \u00fcber unsere Website aufgerufen werden<\/p>\n\n\n\n<p>Diese Daten werden ebenfalls in den Logfiles unseres Systems gespeichert. Eine Speicherung dieser Daten zusammen mit anderen personenbezogenen Daten des Nutzers findet nicht statt.<\/p>\n\n\n\n<h3 class=\"wp-block-heading\">b. Rechtsgrundlage f\u00fcr die Datenverarbeitung<\/h3>\n\n\n\n<p>Rechtsgrundlage f\u00fcr die vor\u00fcbergehende Speicherung der Daten und der Logfiles ist Art. 6 Abs. 1 lit. f DSGVO.<\/p>\n\n\n\n<h3 class=\"wp-block-heading\">c. Zweck der Datenverarbeitung<\/h3>\n\n\n\n<p>Die vor\u00fcbergehende Speicherung der IP-Adresse durch das System ist notwendig, um eine Auslieferung der Website an den Rechner des Nutzers zu erm\u00f6glichen. Hierf\u00fcr muss die IP-Adresse des Nutzers f\u00fcr die Dauer der Sitzung gespeichert bleiben. Die Speicherung in Logfiles erfolgt, um die Funktionsf\u00e4higkeit der Website sicherzustellen. Zudem dienen uns die Daten zur Optimierung der Website und zur Sicherstellung der Sicherheit unserer informationstechnischen Systeme. Eine Auswertung der Daten zu Marketingzwecken findet in diesem Zusammenhang nicht statt.<\/p>\n\n\n\n<h3 class=\"wp-block-heading\">d. Dauer der Speicherung<\/h3>\n\n\n\n<p>Die Daten werden gel\u00f6scht, sobald sie f\u00fcr die Erreichung des Zweckes ihrer Erhebung nicht mehr erforderlich sind. Im Falle der Speicherung der Daten in Logfiles ist dies nach sp\u00e4testens sieben Tagen der Fall. Eine dar\u00fcberhinausgehende Speicherung ist m\u00f6glich. In diesem Fall werden die IP-Adressen der Nutzer gel\u00f6scht oder verfremdet, sodass eine Zuordnung des aufrufenden Clients nicht mehr m\u00f6glich ist.<\/p>\n\n\n\n<h3 class=\"wp-block-heading\">e. Widerspruchs- und Beseitigungsm\u00f6glichkeit<\/h3>\n\n\n\n<p>Die Erfassung der Daten zur Bereitstellung der Website und die Speicherung der Daten in Logfiles ist f\u00fcr den Betrieb der Internetseite zwingend erforderlich. Es besteht folglich seitens des Nutzers keine Widerspruchsm\u00f6glichkeit.<\/p>\n\n\n\n<h2 class=\"wp-block-heading\">4. E-Mail-Kontakt<\/h2>\n\n\n\n<h3 class=\"wp-block-heading\">a. Beschreibung und Umfang der Datenverarbeitung<\/h3>\n\n\n\n<p>Auf unserer Internetseite ist eine E-Mail angegeben, welche f\u00fcr die elektronische Kontaktaufnahme genutzt werden kann. Nehmen Sie diese M\u00f6glichkeit wahr, so werden die in der E-Mail eingegeben Daten an uns \u00fcbermittelt und gespeichert. In diesem Fall werden die mit der E-Mail \u00fcbermittelten personenbezogenen Daten des Nutzers gespeichert.<\/p>\n\n\n\n<p>Es erfolgt in diesem Zusammenhang keine Weitergabe der Daten an Dritte. Die Daten werden ausschlie\u00dflich f\u00fcr die Verarbeitung der Konversation verwendet.<\/p>\n\n\n\n<h3 class=\"wp-block-heading\">b. Rechtsgrundlage f\u00fcr die Datenverarbeitung<\/h3>\n\n\n\n<p>Rechtsgrundlage f\u00fcr die Verarbeitung der Daten ist bei Vorliegen einer Einwilligung des Nutzers Art. 6 Abs. 1 lit. a DSGVO.<\/p>\n\n\n\n<p>Rechtsgrundlage f\u00fcr die Verarbeitung der Daten, die im Zuge einer \u00dcbersendung einer E-Mail \u00fcbermittelt werden, ist Art. 6 Abs. 1 lit. f DSGVO. Zielt der E-Mail-Kontakt auf den Abschluss eines Vertrages ab, so ist zus\u00e4tzliche Rechtsgrundlage f\u00fcr die Verarbeitung Art. 6 Abs. 1 lit. b DSGVO.<\/p>\n\n\n\n<h3 class=\"wp-block-heading\">c. Zweck der Datenverarbeitung<\/h3>\n\n\n\n<p>Die Verarbeitung der personenbezogenen Daten aus einer Kontaktaufnahme per E-Mail liegt hieran auch das erforderliche berechtigte Interesse an der Verarbeitung der Daten.<\/p>\n\n\n\n<h3 class=\"wp-block-heading\">d. Dauer der Speicherung<\/h3>\n\n\n\n<p>Die Daten werden gel\u00f6scht, sobald sie f\u00fcr die Erreichung des Zweckes ihrer Erhebung nicht mehr erforderlich sind. F\u00fcr die personenbezogenen Daten, die per E-Mail \u00fcbersandt wurden, ist dies dann der Fall, wenn die jeweilige Konversation mit dem Nutzer beendet ist. Beendet ist die Konversation dann, wenn sich aus den Umst\u00e4nden entnehmen l\u00e4sst, dass der betroffene Sachverhalt abschlie\u00dfend gekl\u00e4rt ist.<\/p>\n\n\n\n<h3 class=\"wp-block-heading\">e. Widerspruchs- und Beseitigungsm\u00f6glichkeit<\/h3>\n\n\n\n<p>Der Nutzer hat jederzeit die M\u00f6glichkeit, seine Einwilligung zur Verarbeitung der personenbezogenen Daten zu widerrufen. Nimmt der Nutzer per E-Mail Kontakt mit uns auf, so kann er der Speicherung seiner personenbezogenen Daten jederzeit widersprechen. In einem solchen Fall kann die Konversation nicht fortgef\u00fchrt werden.<\/p>\n\n\n\n<p>Alle personenbezogenen Daten, die im Zuge der Kontaktaufnahme gespeichert wurden, werden in diesem Fall gel\u00f6scht.<\/p>\n\n\n\n<h2 class=\"wp-block-heading\">5. Rechte der betroffenen Person<\/h2>\n\n\n\n<p>Werden Ihre personenbezogenen Daten verarbeitet, sind Sie Betroffener i.S.d. DSGVO und es stehen Ihnen folgende Rechte gegen\u00fcber dem Verantwortlichen zu:<\/p>\n\n\n\n<p>Sie haben ein Auskunftsrecht \u00fcber die von Ihnen gespeicherten personenbezogenen Daten. Des Weiteren steht Ihnen ein Recht auf Berichtigung unrichtiger Daten sowie deren Sperrung und L\u00f6schung zu. Das Recht auf L\u00f6schung besteht nicht, soweit die Verarbeitung erforderlich ist zur Aus\u00fcbung des Rechts auf freie Meinungs\u00e4u\u00dferung und Information, zur Erf\u00fcllung einer rechtlichen Verpflichtung, die die Verarbeitung nach dem Recht der Union oder der Mitgliedstaaten, dem der Verantwortliche unterliegt, erfordert, oder zur Wahrnehmung einer Aufgabe, die im \u00f6ffentlichen Interesse liegt oder in Aus\u00fcbung \u00f6ffentlicher Gewalt erfolgt, die dem Verantwortlichen \u00fcbertragen wurde, aus Gr\u00fcnden des \u00f6ffentlichen Interesses im Bereich der \u00f6ffentlichen Gesundheit gem\u00e4\u00df Art. 9 Abs. 2 lit. h und i sowie Art. 9 Abs. 3 DSGVO, zur Geltendmachung, Aus\u00fcbung oder Verteidigung von Rechtsanspr\u00fcchen. Sollten Sie eines dieser Rechte geltend machen oder weitere Fragen bez\u00fcglicher Ihrer personenbezogenen Daten haben, k\u00f6nnen Sie uns jederzeit eine E-Mail an&nbsp;<a href=\"mailto:muenchen@rwzh.com\">muenchen@rwzh.com<\/a>&nbsp;zusenden.<\/p>\n\n\n\n<p>Unbeschadet eines anderweitigen verwaltungsrechtlichen oder gerichtlichen Rechtsbehelfs steht Ihnen das Recht auf Beschwerde bei einer Aufsichtsbeh\u00f6rde, insbesondere in dem Mitgliedstaat ihres Aufenthaltsorts, ihres Arbeitsplatzes oder des Orts des mutma\u00dflichen Versto\u00dfes, zu, wenn Sie der Ansicht sind, dass die Verarbeitung der Sie betreffenden personenbezogenen Daten gegen die DSGVO verst\u00f6\u00dft. Die Aufsichtsbeh\u00f6rde, bei der die Beschwerde eingereicht wurde, unterrichtet den Beschwerdef\u00fchrer \u00fcber den Stand und die Ergebnisse der Beschwerde einschlie\u00dflich der M\u00f6glichkeit eines gerichtlichen Rechtsbehelfs nach Art. 78 DSGVO.<\/p>\n\n\n\n<h2 class=\"wp-block-heading\">6. Datensicherheit<\/h2>\n\n\n\n<p>Ihre personenbezogenen Daten werden durch geeignete technische und organisatorische Sicherheitsma\u00dfnahmen gegen zuf\u00e4llige oder vors\u00e4tzliche Manipulation, Verlust, Zerst\u00f6rung und\/oder Zugriff Dritter gesch\u00fctzt.<\/p>\n\n\n\n<h2 class=\"wp-block-heading\">7. Stand der Datenschutzerkl\u00e4rung<\/h2>\n\n\n\n<p>Diese Datenschutzerkl\u00e4rung ist aktuell g\u00fcltig und hat den Stand Mai 2018. Wir behalten uns vor, diese Datenschutzerkl\u00e4rung aufgrund gesetzlicher oder tats\u00e4chlicher \u00c4nderungen anzupassen.<\/p>\n","protected":false},"excerpt":{"rendered":"<p>1. Name und Anschrift des Verantwortlichen Der Verantwortliche im Sinne der Datenschutz-Grundverordnung und an [&hellip;]<\/p>\n","protected":false},"author":2,"featured_media":0,"parent":0,"menu_order":110,"comment_status":"closed","ping_status":"closed","template":"page-cover.php","meta":{"footnotes":""},"class_list":["post-467","page","type-page","status-publish","hentry"],"_links":{"self":[{"href":"https:\/\/www.rwzh.de\/ja\/wp-json\/wp\/v2\/pages\/467","targetHints":{"allow":["GET"]}}],"collection":[{"href":"https:\/\/www.rwzh.de\/ja\/wp-json\/wp\/v2\/pages"}],"about":[{"href":"https:\/\/www.rwzh.de\/ja\/wp-json\/wp\/v2\/types\/page"}],"author":[{"embeddable":true,"href":"https:\/\/www.rwzh.de\/ja\/wp-json\/wp\/v2\/users\/2"}],"replies":[{"embeddable":true,"href":"https:\/\/www.rwzh.de\/ja\/wp-json\/wp\/v2\/comments?post=467"}],"version-history":[{"count":1,"href":"https:\/\/www.rwzh.de\/ja\/wp-json\/wp\/v2\/pages\/467\/revisions"}],"predecessor-version":[{"id":609,"href":"https:\/\/www.rwzh.de\/ja\/wp-json\/wp\/v2\/pages\/467\/revisions\/609"}],"wp:attachment":[{"href":"https:\/\/www.rwzh.de\/ja\/wp-json\/wp\/v2\/media?parent=467"}],"curies":[{"name":"wp","href":"https:\/\/api.w.org\/{rel}","templated":true}]}}