{"id":711,"date":"2021-12-06T19:29:02","date_gmt":"2021-12-06T18:29:02","guid":{"rendered":"https:\/\/www.rwzh.de\/?page_id=711"},"modified":"2024-06-07T09:39:14","modified_gmt":"2024-06-07T07:39:14","slug":"karriere","status":"publish","type":"page","link":"https:\/\/www.rwzh.de\/en\/karriere\/","title":{"rendered":"Karriere und Bewerbungen"},"content":{"rendered":"\n<div class=\"wp-block-group has-medium-font-size\"><div class=\"wp-block-group__inner-container is-layout-flow wp-block-group-is-layout-flow\">\n<p style=\"font-size:26px\"><strong>Wir suchen Sie&#8230;.<\/strong><\/p>\n\n\n\n<p>In einem Team, das hohe Qualit\u00e4tsanspr\u00fcche mit ausgesprochen guter Arbeitsatmosph\u00e4re vereint, beraten und vertreten wir namhafte Mandanten aus dem In- und Ausland auf dem Gebiet des gewerblichen Rechtsschutzes, vorrangig im Marken-, Wettbewerbs- und Patentrecht in M\u00fcnchen. Auf Augenh\u00f6he mit Gro\u00dfkanzleien und unterst\u00fctzt durch ein globales Netzwerk bew\u00e4hrter Kollegen, bieten wir unseren Mandanten ebenso juristisch durchdachte wie unternehmerisch praktikable L\u00f6sungen. Zu unseren Mandanten geh\u00f6ren Weltmarktf\u00fchrer und multinationale Konzerne, aber auch mittelst\u00e4ndische Unternehmen sowie Kleinunternehmer.<\/p>\n<\/div><\/div>\n\n\n\n<p class=\"has-medium-font-size\">Zum <strong>n\u00e4chstm\u00f6glichen<\/strong> Zeitpunkt suchen wir Sie, einen<\/p>\n\n\n\n<p class=\"has-text-align-center\" style=\"font-size:26px\"><strong>Rechtsanwalt (m\/w\/d) in Voll- oder Teilzeit<\/strong><\/p>\n\n\n\n<p class=\"has-medium-font-size\">gerne mit Berufserfahrung im gewerblichen Rechtsschutz, vorzugsweise im Marken- oder Patentrecht.<\/p>\n\n\n\n<p class=\"has-medium-font-size\">Sie<strong> verf\u00fcgen<\/strong> \u00fcber eine weit \u00fcberdurchschnittliche juristische Qualifikation, sehr gute Englischkenntnisse sowie ein hohes Ma\u00df an Eigeninitiative. Sie denken unternehmerisch und haben Interesse an einer T\u00e4tigkeit in internationalem Umfeld ebenso wie an technischen Zusammenh\u00e4ngen. Auch komplexen Sachverhalten begegnen Sie strukturiert und mit dem Blick f\u00fcr das Wesentliche.<\/p>\n\n\n\n<p class=\"has-medium-font-size\">Wir <strong>bieten <\/strong>Ihnen die M\u00f6glichkeit, Teil unseres Teams zu werden und darin die Position zu finden, die Ihren F\u00e4higkeiten und Interessen entspricht. Planbare Arbeitszeiten, eine exzellente, leistungsbezogene Verg\u00fctung und eine klare Perspektive sind auch von uns ausdr\u00fccklich gew\u00fcnscht. Bew\u00e4hrte Infrastruktur f\u00fcr die Arbeit auch au\u00dferhalb der Kanzlei ist nat\u00fcrlich vorhanden.<\/p>\n\n\n\n<p class=\"has-medium-font-size\">Falls Sie sich angesprochen f\u00fchlen, freut sich Herr Michael Zoebisch auf die \u00dcbermittlung Ihrer vollst\u00e4ndigen Bewerbungsunterlagen per E-Mail an: <a rel=\"noreferrer noopener\" href=\"mailto:zoebisch@rwzh.com\" data-type=\"mailto\" data-id=\"mailto:zoebisch@rwzh.com\" target=\"_blank\">zoebisch@rwzh.com<\/a><\/p>\n","protected":false},"excerpt":{"rendered":"<p>Wir suchen Sie&#8230;. In einem Team, das hohe Qualit\u00e4tsanspr\u00fcche mit ausgesprochen guter Arbeitsatmosph\u00e4re vereint, beraten und vertreten wir namhafte Mandanten aus dem In- und Ausland auf dem Gebiet des gewerblichen Rechtsschutzes, vorrangig im Marken-, Wettbewerbs- und Patentrecht in M\u00fcnchen. Auf Augenh\u00f6he mit Gro\u00dfkanzleien und unterst\u00fctzt durch ein globales Netzwerk bew\u00e4hrter Kollegen, bieten wir unseren Mandanten [&hellip;]<\/p>\n","protected":false},"author":2,"featured_media":242,"parent":0,"menu_order":0,"comment_status":"closed","ping_status":"closed","template":"page-cover.php","meta":{"footnotes":""},"class_list":["post-711","page","type-page","status-publish","has-post-thumbnail","hentry"],"_links":{"self":[{"href":"https:\/\/www.rwzh.de\/en\/wp-json\/wp\/v2\/pages\/711","targetHints":{"allow":["GET"]}}],"collection":[{"href":"https:\/\/www.rwzh.de\/en\/wp-json\/wp\/v2\/pages"}],"about":[{"href":"https:\/\/www.rwzh.de\/en\/wp-json\/wp\/v2\/types\/page"}],"author":[{"embeddable":true,"href":"https:\/\/www.rwzh.de\/en\/wp-json\/wp\/v2\/users\/2"}],"replies":[{"embeddable":true,"href":"https:\/\/www.rwzh.de\/en\/wp-json\/wp\/v2\/comments?post=711"}],"version-history":[{"count":14,"href":"https:\/\/www.rwzh.de\/en\/wp-json\/wp\/v2\/pages\/711\/revisions"}],"predecessor-version":[{"id":866,"href":"https:\/\/www.rwzh.de\/en\/wp-json\/wp\/v2\/pages\/711\/revisions\/866"}],"wp:featuredmedia":[{"embeddable":true,"href":"https:\/\/www.rwzh.de\/en\/wp-json\/wp\/v2\/media\/242"}],"wp:attachment":[{"href":"https:\/\/www.rwzh.de\/en\/wp-json\/wp\/v2\/media?parent=711"}],"curies":[{"name":"wp","href":"https:\/\/api.w.org\/{rel}","templated":true}]}}