{"id":470,"date":"2020-12-04T17:16:15","date_gmt":"2020-12-04T16:16:15","guid":{"rendered":"https:\/\/www2.rwzh.de\/impressum\/"},"modified":"2024-11-18T18:00:32","modified_gmt":"2024-11-18T17:00:32","slug":"imprint","status":"publish","type":"page","link":"https:\/\/www.rwzh.de\/en\/imprint\/","title":{"rendered":"Imprint"},"content":{"rendered":"\n<p>Details according to Section 5 of the German DDG and Section 2 of the German DL-InfoV:<\/p>\n\n\n\n<h2 class=\"wp-block-heading\">rwzh Rechtsanw\u00e4lte<br>Wachinger Zoebisch<br>Partnerschaft mbB<\/h2>\n\n\n\n<p>Altezza<br>Barthstrasse 4<br>80339 Munich<br>Germany<\/p>\n\n\n\n<p>T +49 89 2440122-0<br>F +49 89 2440122-1<br><a href=\"mailto:muenchen@rwzh.com\">muenchen@rwzh.com<\/a><\/p>\n\n\n\n<p>Registered office: Munich<br>Local Court of Munich PR 678<br>VAT: DE 251472985<\/p>\n\n\n\n<p>Partners:<br>Julian F. Wachinger, Attorney-at-Law (Germany)<br>Michael Zoebisch, Attorney-at-Law (Germany)<br>Dr. jur. Eckart Warnke, Attorney-at-Law (Germany)<\/p>\n\n\n\n<p>A professional liability insurance policy with world wide application is taken out with HDI-Gerling Firmen und Privat Versicherung AG, Office N\u00fcrnberg, D\u00fcrrenhofstrasse 6, 90402 N\u00fcrnberg, Germany.<\/p>\n\n\n\n<div class=\"wp-block-group akk\"><div class=\"wp-block-group__inner-container is-layout-flow wp-block-group-is-layout-flow\">\n<h2 class=\"wp-block-heading\">ATTORNEYS-AT-LAW<\/h2>\n\n\n\n<p>All the attorneys-at-law mentioned on this website are admitted to the Bar Association of Munich, Germany. The contact details of the association can be found on&nbsp;<a href=\"http:\/\/www.rak-muenchen.de\/\">www.rak-muenchen.de<\/a>. Unless indicated otherwise, all attorneys-at-law are admitted exclusively to the bar in the Federal Republic of Germany.<\/p>\n\n\n\n<p>Amongst others, the relevant professional rules are:<\/p>\n\n\n\n<ul class=\"wp-block-list\">\n<li>the Federal Lawyers\u2018 Act (BRAO)<\/li>\n\n\n\n<li>the Professional Rules of the Lawyers (BORA)<\/li>\n\n\n\n<li>the Rules of the Specialised Lawyers (FAO)<\/li>\n\n\n\n<li>the Lawyers\u2018 Fees Act (RVG)<\/li>\n\n\n\n<li>the Professional Rules of the Lawyers of the European Union<\/li>\n<\/ul>\n\n\n\n<p>The texts can be found on&nbsp;<a href=\"http:\/\/www.brak.de\/\">www.brak.de<\/a>&nbsp;under the category \u201cBerufsrecht\u201d.<\/p>\n<\/div><\/div>\n\n\n\n<div class=\"wp-block-group akk\"><div class=\"wp-block-group__inner-container is-layout-flow wp-block-group-is-layout-flow\">\n<h2 class=\"wp-block-heading\">COPYRIGHT<\/h2>\n\n\n\n<p>Copyright in the content of this website or any part thereof is owned by rwzh Rechtsanw\u00e4lte or its licensors. One or more of the pages of this website may be downloaded, temporarily stored and printed for use within the law firm. Any other download, storage, printing, copying, transmission or distribution of the content of, or the publications on, this website requires the prior and explicit consent of rwzh Rechtsanw\u00e4lte.<\/p>\n<\/div><\/div>\n\n\n\n<div class=\"wp-block-group akk\"><div class=\"wp-block-group__inner-container is-layout-flow wp-block-group-is-layout-flow\">\n<h2 class=\"wp-block-heading\">INFORMATION &amp; WAIVER OF LIABILITY<\/h2>\n\n\n\n<p>Every effort has been taken to ensure the accuracy of the information on this website. However, any and all liability which might arise from its use of, or reliance on, the information or links contained on this website shall be excluded. The information on this website is general information and shall not constitute any legal advice.<\/p>\n<\/div><\/div>\n\n\n\n<div class=\"wp-block-group akk\"><div class=\"wp-block-group__inner-container is-layout-flow wp-block-group-is-layout-flow\">\n<h2 class=\"wp-block-heading\">CONCEPT &amp; DESIGN<\/h2>\n\n\n\n<p>Bureau Bald, Hamburg<br><a href=\"mailto:info@bureau-bald.de\">info@bureau-bald.de<\/a><br><a href=\"http:\/\/www.bureau-bald.de\/\">www.bureau-bald.de<\/a><\/p>\n<\/div><\/div>\n","protected":false},"excerpt":{"rendered":"<p>Details according to Section 5 of the German DDG and Section 2 of the German DL-InfoV: rwzh Rechtsanw\u00e4lteWachinger ZoebischPartnerschaft mbB AltezzaBarthstrasse 480339 MunichGermany T +49 89 2440122-0F +49 89 2440122-1muenchen@rwzh.com Registered office: MunichLocal Court of Munich PR 678VAT: DE 251472985 Partners:Julian F. Wachinger, Attorney-at-Law (Germany)Michael Zoebisch, Attorney-at-Law (Germany)Dr. jur. Eckart Warnke, Attorney-at-Law (Germany) A professional [&hellip;]<\/p>\n","protected":false},"author":2,"featured_media":0,"parent":0,"menu_order":26,"comment_status":"closed","ping_status":"closed","template":"page-cover.php","meta":{"footnotes":""},"class_list":["post-470","page","type-page","status-publish","hentry"],"_links":{"self":[{"href":"https:\/\/www.rwzh.de\/en\/wp-json\/wp\/v2\/pages\/470","targetHints":{"allow":["GET"]}}],"collection":[{"href":"https:\/\/www.rwzh.de\/en\/wp-json\/wp\/v2\/pages"}],"about":[{"href":"https:\/\/www.rwzh.de\/en\/wp-json\/wp\/v2\/types\/page"}],"author":[{"embeddable":true,"href":"https:\/\/www.rwzh.de\/en\/wp-json\/wp\/v2\/users\/2"}],"replies":[{"embeddable":true,"href":"https:\/\/www.rwzh.de\/en\/wp-json\/wp\/v2\/comments?post=470"}],"version-history":[{"count":2,"href":"https:\/\/www.rwzh.de\/en\/wp-json\/wp\/v2\/pages\/470\/revisions"}],"predecessor-version":[{"id":1034,"href":"https:\/\/www.rwzh.de\/en\/wp-json\/wp\/v2\/pages\/470\/revisions\/1034"}],"wp:attachment":[{"href":"https:\/\/www.rwzh.de\/en\/wp-json\/wp\/v2\/media?parent=470"}],"curies":[{"name":"wp","href":"https:\/\/api.w.org\/{rel}","templated":true}]}}