{"id":375,"date":"2020-12-04T17:16:15","date_gmt":"2020-12-04T16:16:15","guid":{"rendered":"https:\/\/www2.rwzh.de\/practices\/due-diligence\/"},"modified":"2021-03-29T14:36:24","modified_gmt":"2021-03-29T12:36:24","slug":"due-diligence","status":"publish","type":"page","link":"https:\/\/www.rwzh.de\/en\/practices\/due-diligence\/","title":{"rendered":"Due Diligence"},"content":{"rendered":"\n<p>Gro\u00dfe Transaktionen betreffen nicht selten im Wesentlichen Unternehmenswerte, welche aus gewerblichen Schutzrechten, registriert oder nicht registriert, und Know-how bestehen.<br>Die damit einhergehenden Risiken lassen sich im Rahmen einer Risikobewertung durch eine \u00fcbliche Due Diligence \u2013 Pr\u00fcfung bewerten. Sowohl die Pr\u00fcfung auf Seiten des K\u00e4ufers wie auch des Verk\u00e4ufers f\u00fchren wir nach g\u00e4ngigen Standards in dem durch die Parteien vereinbarten zeitlichen und inhaltlichen Umfang durch.<\/p>\n\n\n\n<p>Die durchgef\u00fchrte Pr\u00fcfung belegt die Belastbarkeit des geistigen Eigentums, die Rechtsbest\u00e4ndigkeit oder Angreifbarkeit. Sie tr\u00e4gt nicht zuletzt auch wesentlich zu einer realistischen Wertbestimmung bei und erlaubt die Einsch\u00e4tzung der realistischen Reichweite des m\u00f6glichen Benutzungseinsatzes des geistigen Eigentums als Unternehmenswert.<\/p>\n\n\n\n<p>Da die Due Diligence die m\u00f6gliche Risiken der Vertragsabwicklung oder \u2013erf\u00fcllung aufzeigt und so denkbare R\u00fcckabwicklungen, Frustrationseffekte und Sch\u00e4den erkennbar macht, tr\u00e4gt diese Pr\u00fcfung deutlich zur Kostenkontrolle bei.<\/p>\n","protected":false},"excerpt":{"rendered":"<p>Gro\u00dfe Transaktionen betreffen nicht selten im Wesentlichen Unternehmenswerte, welche aus gewerblichen Schutzrechten, registriert oder nicht registriert, und Know-how bestehen.Die damit einhergehenden Risiken lassen sich im Rahmen einer Risikobewertung durch eine \u00fcbliche Due Diligence \u2013 Pr\u00fcfung bewerten. Sowohl die Pr\u00fcfung auf Seiten des K\u00e4ufers wie auch des Verk\u00e4ufers f\u00fchren wir nach g\u00e4ngigen Standards in dem durch [&hellip;]<\/p>\n","protected":false},"author":2,"featured_media":0,"parent":320,"menu_order":14,"comment_status":"closed","ping_status":"closed","template":"","meta":{"footnotes":""},"class_list":["post-375","page","type-page","status-publish","hentry"],"_links":{"self":[{"href":"https:\/\/www.rwzh.de\/en\/wp-json\/wp\/v2\/pages\/375","targetHints":{"allow":["GET"]}}],"collection":[{"href":"https:\/\/www.rwzh.de\/en\/wp-json\/wp\/v2\/pages"}],"about":[{"href":"https:\/\/www.rwzh.de\/en\/wp-json\/wp\/v2\/types\/page"}],"author":[{"embeddable":true,"href":"https:\/\/www.rwzh.de\/en\/wp-json\/wp\/v2\/users\/2"}],"replies":[{"embeddable":true,"href":"https:\/\/www.rwzh.de\/en\/wp-json\/wp\/v2\/comments?post=375"}],"version-history":[{"count":2,"href":"https:\/\/www.rwzh.de\/en\/wp-json\/wp\/v2\/pages\/375\/revisions"}],"predecessor-version":[{"id":602,"href":"https:\/\/www.rwzh.de\/en\/wp-json\/wp\/v2\/pages\/375\/revisions\/602"}],"up":[{"embeddable":true,"href":"https:\/\/www.rwzh.de\/en\/wp-json\/wp\/v2\/pages\/320"}],"wp:attachment":[{"href":"https:\/\/www.rwzh.de\/en\/wp-json\/wp\/v2\/media?parent=375"}],"curies":[{"name":"wp","href":"https:\/\/api.w.org\/{rel}","templated":true}]}}