{"id":324,"date":"2020-12-04T17:16:15","date_gmt":"2020-12-04T16:16:15","guid":{"rendered":"https:\/\/www2.rwzh.de\/kontakt\/"},"modified":"2025-09-24T19:32:34","modified_gmt":"2025-09-24T17:32:34","slug":"contact","status":"publish","type":"page","link":"https:\/\/www.rwzh.de\/en\/contact\/","title":{"rendered":"Office locations"},"content":{"rendered":"\n<h2 class=\"wp-block-heading has-text-color has-link-color wp-elements-93271f7885b38d1dfc68181864812716\" style=\"color:#82180a\">Munich<\/h2>\n\n\n\n<p>Barthstra\u00dfe 4<br>80339 Munich<br>Germany<br><br>T +49 89 2440122-0<br>F +49 89 2440122-1<br><a href=\"mailto:muenchen@rwzh.com\">muenchen@rwzh.com<\/a><br><a href=\"http:\/\/www.rwzh.com\/\">www.rwzh.com<\/a><\/p>\n\n\n\n<p><\/p>\n\n\n\n<h2 class=\"wp-block-heading has-text-color has-link-color wp-elements-541fa7e293fa042f27db33c8f4ab48c5\" style=\"color:#82180a\">Leipzig<\/h2>\n\n\n\n<p>N\u00fcrnberger Stra\u00dfe 29<br>04103 Leipzig<br>Germany<br><br>T +49 34 12382961-0<br>F +49 34 12382961-9<br><a href=\"mailto:muenchen@rwzh.com\">leipzig@rwzh.com<\/a><br><a href=\"http:\/\/www.rwzh.com\/\">www.rwzh.com<\/a><\/p>\n\n\n\n<p><\/p>\n","protected":false},"excerpt":{"rendered":"<p>Munich Barthstra\u00dfe 480339 MunichGermany T +49 89 2440122-0F +49 89 2440122-1muenchen@rwzh.comwww.rwzh.com Leipzig N\u00fcrnberger Stra\u00dfe 2904103 LeipzigGermany T +49 34 12382961-0F +49 34 12382961-9leipzig@rwzh.comwww.rwzh.com<\/p>\n","protected":false},"author":2,"featured_media":250,"parent":0,"menu_order":25,"comment_status":"closed","ping_status":"closed","template":"page-cover.php","meta":{"footnotes":""},"class_list":["post-324","page","type-page","status-publish","has-post-thumbnail","hentry"],"_links":{"self":[{"href":"https:\/\/www.rwzh.de\/en\/wp-json\/wp\/v2\/pages\/324","targetHints":{"allow":["GET"]}}],"collection":[{"href":"https:\/\/www.rwzh.de\/en\/wp-json\/wp\/v2\/pages"}],"about":[{"href":"https:\/\/www.rwzh.de\/en\/wp-json\/wp\/v2\/types\/page"}],"author":[{"embeddable":true,"href":"https:\/\/www.rwzh.de\/en\/wp-json\/wp\/v2\/users\/2"}],"replies":[{"embeddable":true,"href":"https:\/\/www.rwzh.de\/en\/wp-json\/wp\/v2\/comments?post=324"}],"version-history":[{"count":7,"href":"https:\/\/www.rwzh.de\/en\/wp-json\/wp\/v2\/pages\/324\/revisions"}],"predecessor-version":[{"id":1379,"href":"https:\/\/www.rwzh.de\/en\/wp-json\/wp\/v2\/pages\/324\/revisions\/1379"}],"wp:featuredmedia":[{"embeddable":true,"href":"https:\/\/www.rwzh.de\/en\/wp-json\/wp\/v2\/media\/250"}],"wp:attachment":[{"href":"https:\/\/www.rwzh.de\/en\/wp-json\/wp\/v2\/media?parent=324"}],"curies":[{"name":"wp","href":"https:\/\/api.w.org\/{rel}","templated":true}]}}